{"id":12455,"date":"2023-08-26T02:02:14","date_gmt":"2023-08-26T06:02:14","guid":{"rendered":"http:\/\/moissonlaurentides.org\/our-events\/"},"modified":"2026-01-21T13:52:51","modified_gmt":"2026-01-21T18:52:51","slug":"our-events","status":"publish","type":"page","link":"https:\/\/moissonlaurentides.org\/en\/our-events\/","title":{"rendered":"Our Events"},"content":{"rendered":"\t\t<div data-elementor-type=\"wp-page\" data-elementor-id=\"12455\" class=\"elementor elementor-12455 elementor-128\" data-elementor-post-type=\"page\">\n\t\t\t\t\t\t\t\t\t<section class=\"elementor-section elementor-top-section elementor-element elementor-element-af50edf elementor-section-height-min-height blur elementor-section-boxed elementor-section-height-default elementor-section-items-middle\" data-id=\"af50edf\" data-element_type=\"section\" data-settings=\"{&quot;background_background&quot;:&quot;classic&quot;,&quot;shape_divider_bottom&quot;:&quot;curve&quot;,&quot;shape_divider_bottom_negative&quot;:&quot;yes&quot;}\">\n\t\t\t\t\t\t\t<div class=\"elementor-background-overlay\"><\/div>\n\t\t\t\t\t\t<div class=\"elementor-shape elementor-shape-bottom\" data-negative=\"true\">\n\t\t\t<svg xmlns=\"http:\/\/www.w3.org\/2000\/svg\" viewBox=\"0 0 1000 100\" preserveAspectRatio=\"none\">\n\t<path class=\"elementor-shape-fill\" d=\"M500,97C126.7,96.3,0.8,19.8,0,0v100l1000,0V1C1000,19.4,873.3,97.8,500,97z\"\/>\n<\/svg>\t\t<\/div>\n\t\t\t\t\t<div class=\"elementor-container elementor-column-gap-default\">\n\t\t\t\t\t<div class=\"elementor-column elementor-col-100 elementor-top-column elementor-element elementor-element-66c0f28\" data-id=\"66c0f28\" data-element_type=\"column\">\n\t\t\t<div class=\"elementor-widget-wrap elementor-element-populated\">\n\t\t\t\t\t\t\t\t<div class=\"elementor-element elementor-element-6d18d89 elementor-widget elementor-widget-heading\" data-id=\"6d18d89\" data-element_type=\"widget\" data-widget_type=\"heading.default\">\n\t\t\t\t<div class=\"elementor-widget-container\">\n\t\t\t<h1 class=\"elementor-heading-title elementor-size-default\">Our Events<\/h1>\t\t<\/div>\n\t\t\t\t<\/div>\n\t\t\t\t<div class=\"elementor-element elementor-element-b170194 elementor-widget elementor-widget-text-editor\" data-id=\"b170194\" data-element_type=\"widget\" data-widget_type=\"text-editor.default\">\n\t\t\t\t<div class=\"elementor-widget-container\">\n\t\t\t\t\t\t\t<p>Our events, those that we host ourselves and those with which we associate, are a privileged link with the population and the Laurentian and Les Moulins RCM\u2019s business community.<\/p>\n\t\t\t\t\t\t<\/div>\n\t\t\t\t<\/div>\n\t\t\t\t\t<\/div>\n\t\t<\/div>\n\t\t\t\t\t\t\t<\/div>\n\t\t<\/section>\n\t\t\t\t<section class=\"elementor-section elementor-top-section elementor-element elementor-element-9b986fa elementor-section-boxed elementor-section-height-default elementor-section-height-default\" data-id=\"9b986fa\" data-element_type=\"section\">\n\t\t\t\t\t\t<div class=\"elementor-container elementor-column-gap-default\">\n\t\t\t\t\t<div class=\"elementor-column elementor-col-100 elementor-top-column elementor-element elementor-element-2f8b8c2\" data-id=\"2f8b8c2\" data-element_type=\"column\">\n\t\t\t<div class=\"elementor-widget-wrap elementor-element-populated\">\n\t\t\t\t\t\t\t\t<div class=\"elementor-element elementor-element-4493f1c elementor-widget elementor-widget-heading\" data-id=\"4493f1c\" data-element_type=\"widget\" data-widget_type=\"heading.default\">\n\t\t\t\t<div class=\"elementor-widget-container\">\n\t\t\t<h2 class=\"elementor-heading-title elementor-size-default\">Did you Know?<\/h2>\t\t<\/div>\n\t\t\t\t<\/div>\n\t\t\t\t\t<\/div>\n\t\t<\/div>\n\t\t\t\t\t\t\t<\/div>\n\t\t<\/section>\n\t\t\t\t<section class=\"elementor-section elementor-top-section elementor-element elementor-element-6f76c15 union elementor-section-boxed elementor-section-height-default elementor-section-height-default\" data-id=\"6f76c15\" data-element_type=\"section\" data-settings=\"{&quot;background_background&quot;:&quot;classic&quot;}\">\n\t\t\t\t\t\t<div class=\"elementor-container elementor-column-gap-default\">\n\t\t\t\t\t<div class=\"elementor-column elementor-col-33 elementor-top-column elementor-element elementor-element-549d810\" data-id=\"549d810\" data-element_type=\"column\">\n\t\t\t<div class=\"elementor-widget-wrap elementor-element-populated\">\n\t\t\t\t\t\t\t\t<div class=\"elementor-element elementor-element-4b7cdfe elementor-widget elementor-widget-image\" data-id=\"4b7cdfe\" data-element_type=\"widget\" data-widget_type=\"image.default\">\n\t\t\t\t<div class=\"elementor-widget-container\">\n\t\t\t\t\t\t\t\t\t\t\t\t\t\t\t<img loading=\"lazy\" decoding=\"async\" width=\"300\" height=\"225\" src=\"https:\/\/moissonlaurentides.org\/wp-content\/uploads\/2022\/09\/2-300x225.jpg\" class=\"attachment-medium size-medium wp-image-11894\" alt=\"\" srcset=\"https:\/\/moissonlaurentides.org\/wp-content\/uploads\/2022\/09\/2-300x225.jpg 300w, https:\/\/moissonlaurentides.org\/wp-content\/uploads\/2022\/09\/2-1024x768.jpg 1024w, https:\/\/moissonlaurentides.org\/wp-content\/uploads\/2022\/09\/2-768x576.jpg 768w, https:\/\/moissonlaurentides.org\/wp-content\/uploads\/2022\/09\/2.jpg 1440w\" sizes=\"auto, (max-width: 300px) 100vw, 300px\" \/>\t\t\t\t\t\t\t\t\t\t\t\t\t\t\t<\/div>\n\t\t\t\t<\/div>\n\t\t\t\t<div class=\"elementor-element elementor-element-f958208 elementor-widget elementor-widget-text-editor\" data-id=\"f958208\" data-element_type=\"widget\" data-widget_type=\"text-editor.default\">\n\t\t\t\t<div class=\"elementor-widget-container\">\n\t\t\t\t\t\t\t<p>Each season has its share of events representing a variety of volunteering and involvement opportunities.<\/p>\n\t\t\t\t\t\t<\/div>\n\t\t\t\t<\/div>\n\t\t\t\t\t<\/div>\n\t\t<\/div>\n\t\t\t\t<div class=\"elementor-column elementor-col-33 elementor-top-column elementor-element elementor-element-69b8910\" data-id=\"69b8910\" data-element_type=\"column\">\n\t\t\t<div class=\"elementor-widget-wrap elementor-element-populated\">\n\t\t\t\t\t\t\t\t<div class=\"elementor-element elementor-element-51f16b2 elementor-widget elementor-widget-image\" data-id=\"51f16b2\" data-element_type=\"widget\" data-widget_type=\"image.default\">\n\t\t\t\t<div class=\"elementor-widget-container\">\n\t\t\t\t\t\t\t\t\t\t\t\t\t\t\t<img loading=\"lazy\" decoding=\"async\" width=\"300\" height=\"225\" src=\"https:\/\/moissonlaurentides.org\/wp-content\/uploads\/2022\/08\/2-et-23-Large-300x225.jpg\" class=\"attachment-medium size-medium wp-image-11831\" alt=\"\" srcset=\"https:\/\/moissonlaurentides.org\/wp-content\/uploads\/2022\/08\/2-et-23-Large-300x225.jpg 300w, https:\/\/moissonlaurentides.org\/wp-content\/uploads\/2022\/08\/2-et-23-Large-1024x768.jpg 1024w, https:\/\/moissonlaurentides.org\/wp-content\/uploads\/2022\/08\/2-et-23-Large-768x576.jpg 768w, https:\/\/moissonlaurentides.org\/wp-content\/uploads\/2022\/08\/2-et-23-Large.jpg 1440w\" sizes=\"auto, (max-width: 300px) 100vw, 300px\" \/>\t\t\t\t\t\t\t\t\t\t\t\t\t\t\t<\/div>\n\t\t\t\t<\/div>\n\t\t\t\t<div class=\"elementor-element elementor-element-db2e7dc elementor-widget elementor-widget-text-editor\" data-id=\"db2e7dc\" data-element_type=\"widget\" data-widget_type=\"text-editor.default\">\n\t\t\t\t<div class=\"elementor-widget-container\">\n\t\t\t\t\t\t\t<p>Any given year, close to 2,500 volunteers are involved in the planning and execution of our events.<\/p>\t\t\t\t\t\t<\/div>\n\t\t\t\t<\/div>\n\t\t\t\t\t<\/div>\n\t\t<\/div>\n\t\t\t\t<div class=\"elementor-column elementor-col-33 elementor-top-column elementor-element elementor-element-425feb1\" data-id=\"425feb1\" data-element_type=\"column\">\n\t\t\t<div class=\"elementor-widget-wrap elementor-element-populated\">\n\t\t\t\t\t\t\t\t<div class=\"elementor-element elementor-element-d381874 elementor-widget elementor-widget-image\" data-id=\"d381874\" data-element_type=\"widget\" data-widget_type=\"image.default\">\n\t\t\t\t<div class=\"elementor-widget-container\">\n\t\t\t\t\t\t\t\t\t\t\t\t\t\t\t<img loading=\"lazy\" decoding=\"async\" width=\"300\" height=\"225\" src=\"https:\/\/moissonlaurentides.org\/wp-content\/uploads\/2022\/08\/4-Large-300x225.jpg\" class=\"attachment-medium size-medium wp-image-11830\" alt=\"\" srcset=\"https:\/\/moissonlaurentides.org\/wp-content\/uploads\/2022\/08\/4-Large-300x225.jpg 300w, https:\/\/moissonlaurentides.org\/wp-content\/uploads\/2022\/08\/4-Large-1024x768.jpg 1024w, https:\/\/moissonlaurentides.org\/wp-content\/uploads\/2022\/08\/4-Large-768x576.jpg 768w, https:\/\/moissonlaurentides.org\/wp-content\/uploads\/2022\/08\/4-Large.jpg 1440w\" sizes=\"auto, (max-width: 300px) 100vw, 300px\" \/>\t\t\t\t\t\t\t\t\t\t\t\t\t\t\t<\/div>\n\t\t\t\t<\/div>\n\t\t\t\t<div class=\"elementor-element elementor-element-45964da elementor-widget elementor-widget-text-editor\" data-id=\"45964da\" data-element_type=\"widget\" data-widget_type=\"text-editor.default\">\n\t\t\t\t<div class=\"elementor-widget-container\">\n\t\t\t\t\t\t\t<p>The Grande Guignol\u00e9e for Moisson Laurentides is one of the most important events in the Laurentian and Les Moulins RCM regions.<\/p>\n\t\t\t\t\t\t<\/div>\n\t\t\t\t<\/div>\n\t\t\t\t\t<\/div>\n\t\t<\/div>\n\t\t\t\t\t\t\t<\/div>\n\t\t<\/section>\n\t\t\t\t<section class=\"elementor-section elementor-top-section elementor-element elementor-element-7efc77c elementor-section-boxed elementor-section-height-default elementor-section-height-default\" data-id=\"7efc77c\" data-element_type=\"section\" data-settings=\"{&quot;background_background&quot;:&quot;classic&quot;}\">\n\t\t\t\t\t\t\t<div class=\"elementor-background-overlay\"><\/div>\n\t\t\t\t\t\t\t<div class=\"elementor-container elementor-column-gap-default\">\n\t\t\t\t\t<div class=\"elementor-column elementor-col-100 elementor-top-column elementor-element elementor-element-b5cbed2\" data-id=\"b5cbed2\" data-element_type=\"column\">\n\t\t\t<div class=\"elementor-widget-wrap elementor-element-populated\">\n\t\t\t\t\t\t\t\t<div class=\"elementor-element elementor-element-6e8217e elementor-widget elementor-widget-heading\" data-id=\"6e8217e\" data-element_type=\"widget\" data-widget_type=\"heading.default\">\n\t\t\t\t<div class=\"elementor-widget-container\">\n\t\t\t<h2 class=\"elementor-heading-title elementor-size-default\">Take Part in Our Events<\/h2>\t\t<\/div>\n\t\t\t\t<\/div>\n\t\t\t\t<div class=\"elementor-element elementor-element-a827d1c elementor-widget elementor-widget-shortcode\" data-id=\"a827d1c\" data-element_type=\"widget\" data-widget_type=\"shortcode.default\">\n\t\t\t\t<div class=\"elementor-widget-container\">\n\t\t\t\t\t<div class=\"elementor-shortcode\"><\/div>\n\t\t\t\t<\/div>\n\t\t\t\t<\/div>\n\t\t\t\t\t<\/div>\n\t\t<\/div>\n\t\t\t\t\t\t\t<\/div>\n\t\t<\/section>\n\t\t\t\t<section class=\"elementor-section elementor-top-section elementor-element elementor-element-66675cc elementor-section-boxed elementor-section-height-default elementor-section-height-default\" data-id=\"66675cc\" data-element_type=\"section\">\n\t\t\t\t\t\t<div class=\"elementor-container elementor-column-gap-default\">\n\t\t\t\t\t<div class=\"elementor-column elementor-col-100 elementor-top-column elementor-element elementor-element-d896150\" data-id=\"d896150\" data-element_type=\"column\">\n\t\t\t<div class=\"elementor-widget-wrap elementor-element-populated\">\n\t\t\t\t\t\t\t\t<section class=\"elementor-section elementor-inner-section elementor-element elementor-element-fa4987b negativeinnerrow elementor-section-boxed elementor-section-height-default elementor-section-height-default\" data-id=\"fa4987b\" data-element_type=\"section\">\n\t\t\t\t\t\t<div class=\"elementor-container elementor-column-gap-default\">\n\t\t\t\t\t<div class=\"elementor-column elementor-col-100 elementor-inner-column elementor-element elementor-element-e52d034\" data-id=\"e52d034\" data-element_type=\"column\">\n\t\t\t<div class=\"elementor-widget-wrap elementor-element-populated\">\n\t\t\t\t\t\t\t\t<div class=\"elementor-element elementor-element-fd632f3 elementor-widget elementor-widget-heading\" data-id=\"fd632f3\" data-element_type=\"widget\" data-widget_type=\"heading.default\">\n\t\t\t\t<div class=\"elementor-widget-container\">\n\t\t\t<h2 class=\"elementor-heading-title elementor-size-default\">Organize or Associate Your Event<\/h2>\t\t<\/div>\n\t\t\t\t<\/div>\n\t\t\t\t<div class=\"elementor-element elementor-element-40d68ea elementor-widget elementor-widget-text-editor\" data-id=\"40d68ea\" data-element_type=\"widget\" data-widget_type=\"text-editor.default\">\n\t\t\t\t<div class=\"elementor-widget-container\">\n\t\t\t\t\t\t\t<p>Whether you want to organize a public, corporate, or private event, benefit from Moisson Laurentides\u2019 expertise and tools in event organization to plan your project. Making a difference in the life of tens of thousands of people has never been easier.<\/p>\n\t\t\t\t\t\t<\/div>\n\t\t\t\t<\/div>\n\t\t\t\t\t<\/div>\n\t\t<\/div>\n\t\t\t\t\t\t\t<\/div>\n\t\t<\/section>\n\t\t\t\t<section class=\"elementor-section elementor-inner-section elementor-element elementor-element-076a21c negativeinnerrow elementor-section-boxed elementor-section-height-default elementor-section-height-default\" data-id=\"076a21c\" data-element_type=\"section\">\n\t\t\t\t\t\t<div class=\"elementor-container elementor-column-gap-default\">\n\t\t\t\t\t<div class=\"elementor-column elementor-col-33 elementor-inner-column elementor-element elementor-element-aa57ec3\" data-id=\"aa57ec3\" data-element_type=\"column\">\n\t\t\t<div class=\"elementor-widget-wrap elementor-element-populated\">\n\t\t\t\t\t\t\t\t<div class=\"elementor-element elementor-element-7adaf14 elementor-position-top elementor-widget elementor-widget-image-box\" data-id=\"7adaf14\" data-element_type=\"widget\" data-widget_type=\"image-box.default\">\n\t\t\t\t<div class=\"elementor-widget-container\">\n\t\t\t<div class=\"elementor-image-box-wrapper\"><figure class=\"elementor-image-box-img\"><img loading=\"lazy\" decoding=\"async\" width=\"1440\" height=\"1080\" src=\"https:\/\/moissonlaurentides.org\/wp-content\/uploads\/2023\/04\/IMG_1990-1.jpg\" class=\"attachment-full size-full wp-image-12134\" alt=\"\" srcset=\"https:\/\/moissonlaurentides.org\/wp-content\/uploads\/2023\/04\/IMG_1990-1.jpg 1440w, https:\/\/moissonlaurentides.org\/wp-content\/uploads\/2023\/04\/IMG_1990-1-300x225.jpg 300w, https:\/\/moissonlaurentides.org\/wp-content\/uploads\/2023\/04\/IMG_1990-1-1024x768.jpg 1024w, https:\/\/moissonlaurentides.org\/wp-content\/uploads\/2023\/04\/IMG_1990-1-768x576.jpg 768w\" sizes=\"auto, (max-width: 1440px) 100vw, 1440px\" \/><\/figure><div class=\"elementor-image-box-content\"><h5 class=\"elementor-image-box-title\">Bell (Textron)<\/h5><p class=\"elementor-image-box-description\">Each year, Bell\u2019s (Textron) employees and management team organize a corporate fundraising and food drive event.<\/p><\/div><\/div>\t\t<\/div>\n\t\t\t\t<\/div>\n\t\t\t\t\t<\/div>\n\t\t<\/div>\n\t\t\t\t<div class=\"elementor-column elementor-col-33 elementor-inner-column elementor-element elementor-element-fda7ce8\" data-id=\"fda7ce8\" data-element_type=\"column\">\n\t\t\t<div class=\"elementor-widget-wrap elementor-element-populated\">\n\t\t\t\t\t\t\t\t<div class=\"elementor-element elementor-element-5893be8 elementor-position-top elementor-widget elementor-widget-image-box\" data-id=\"5893be8\" data-element_type=\"widget\" data-widget_type=\"image-box.default\">\n\t\t\t\t<div class=\"elementor-widget-container\">\n\t\t\t<div class=\"elementor-image-box-wrapper\"><figure class=\"elementor-image-box-img\"><img loading=\"lazy\" decoding=\"async\" width=\"1920\" height=\"1053\" src=\"https:\/\/moissonlaurentides.org\/wp-content\/uploads\/2022\/08\/7-Large.jpg\" class=\"attachment-full size-full wp-image-11835\" alt=\"\" srcset=\"https:\/\/moissonlaurentides.org\/wp-content\/uploads\/2022\/08\/7-Large.jpg 1920w, https:\/\/moissonlaurentides.org\/wp-content\/uploads\/2022\/08\/7-Large-300x165.jpg 300w, https:\/\/moissonlaurentides.org\/wp-content\/uploads\/2022\/08\/7-Large-1024x562.jpg 1024w, https:\/\/moissonlaurentides.org\/wp-content\/uploads\/2022\/08\/7-Large-768x421.jpg 768w, https:\/\/moissonlaurentides.org\/wp-content\/uploads\/2022\/08\/7-Large-1536x842.jpg 1536w\" sizes=\"auto, (max-width: 1920px) 100vw, 1920px\" \/><\/figure><div class=\"elementor-image-box-content\"><h5 class=\"elementor-image-box-title\">Acad\u00e9mie Ste-Th\u00e9r\u00e8se<\/h5><p class=\"elementor-image-box-description\">For the last 25 years, our partner school, l\u2019Acad\u00e9mie Ste-Th\u00e9r\u00e8se, has been organizing a play for which spectators pay their admission fees with food products.<\/p><\/div><\/div>\t\t<\/div>\n\t\t\t\t<\/div>\n\t\t\t\t\t<\/div>\n\t\t<\/div>\n\t\t\t\t<div class=\"elementor-column elementor-col-33 elementor-inner-column elementor-element elementor-element-f19c575\" data-id=\"f19c575\" data-element_type=\"column\">\n\t\t\t<div class=\"elementor-widget-wrap elementor-element-populated\">\n\t\t\t\t\t\t\t\t<div class=\"elementor-element elementor-element-5f3acd5 elementor-position-top elementor-widget elementor-widget-image-box\" data-id=\"5f3acd5\" data-element_type=\"widget\" data-widget_type=\"image-box.default\">\n\t\t\t\t<div class=\"elementor-widget-container\">\n\t\t\t<div class=\"elementor-image-box-wrapper\"><figure class=\"elementor-image-box-img\"><img loading=\"lazy\" decoding=\"async\" width=\"1617\" height=\"1080\" src=\"https:\/\/moissonlaurentides.org\/wp-content\/uploads\/2022\/08\/8-Large.jpg\" class=\"attachment-full size-full wp-image-11833\" alt=\"\" srcset=\"https:\/\/moissonlaurentides.org\/wp-content\/uploads\/2022\/08\/8-Large.jpg 1617w, https:\/\/moissonlaurentides.org\/wp-content\/uploads\/2022\/08\/8-Large-300x200.jpg 300w, https:\/\/moissonlaurentides.org\/wp-content\/uploads\/2022\/08\/8-Large-1024x684.jpg 1024w, https:\/\/moissonlaurentides.org\/wp-content\/uploads\/2022\/08\/8-Large-768x513.jpg 768w, https:\/\/moissonlaurentides.org\/wp-content\/uploads\/2022\/08\/8-Large-1536x1026.jpg 1536w\" sizes=\"auto, (max-width: 1617px) 100vw, 1617px\" \/><\/figure><div class=\"elementor-image-box-content\"><h5 class=\"elementor-image-box-title\">Cycling race - Col du Nordet<\/h5><p class=\"elementor-image-box-description\">The organizers of the Nordet Hill Climbing Competition, the FQSC, have been donating a percentage of the proceeds from registration.<\/p><\/div><\/div>\t\t<\/div>\n\t\t\t\t<\/div>\n\t\t\t\t\t<\/div>\n\t\t<\/div>\n\t\t\t\t\t\t\t<\/div>\n\t\t<\/section>\n\t\t\t\t<div class=\"elementor-element elementor-element-a372cb9 elementor-widget elementor-widget-spacer\" data-id=\"a372cb9\" data-element_type=\"widget\" data-widget_type=\"spacer.default\">\n\t\t\t\t<div class=\"elementor-widget-container\">\n\t\t\t\t\t<div class=\"elementor-spacer\">\n\t\t\t<div class=\"elementor-spacer-inner\"><\/div>\n\t\t<\/div>\n\t\t\t\t<\/div>\n\t\t\t\t<\/div>\n\t\t\t\t<div class=\"elementor-element elementor-element-5d1fe78 elementor-align-center elementor-widget elementor-widget-button\" data-id=\"5d1fe78\" data-element_type=\"widget\" data-widget_type=\"button.default\">\n\t\t\t\t<div class=\"elementor-widget-container\">\n\t\t\t\t\t<div class=\"elementor-button-wrapper\">\n\t\t\t<a class=\"elementor-button elementor-button-link elementor-size-sm\" href=\"#elementor-action%3Aaction%3Dpopup%3Aopen%26settings%3DeyJpZCI6MTIzNjIsInRvZ2dsZSI6ZmFsc2V9\">\n\t\t\t\t\t\t<span class=\"elementor-button-content-wrapper\">\n\t\t\t\t\t\t<span class=\"elementor-button-text\">Share your project with us<\/span>\n\t\t<\/span>\n\t\t\t\t\t<\/a>\n\t\t<\/div>\n\t\t\t\t<\/div>\n\t\t\t\t<\/div>\n\t\t\t\t\t<\/div>\n\t\t<\/div>\n\t\t\t\t\t\t\t<\/div>\n\t\t<\/section>\n\t\t\t\t\t\t\t<\/div>\n\t\t","protected":false},"excerpt":{"rendered":"<p>Our Events Our events, those that we host ourselves and those with which we associate, are a privileged link with the population and the Laurentian and Les Moulins RCM\u2019s business community. Did you Know? Each season has its share of events representing a variety of volunteering and involvement opportunities. Any given year, close to 2,500 [&hellip;]<\/p>\n","protected":false},"author":1,"featured_media":0,"parent":0,"menu_order":0,"comment_status":"closed","ping_status":"closed","template":"elementor_header_footer","meta":{"_acf_changed":false,"_seopress_robots_primary_cat":"","footnotes":""},"class_list":["post-12455","page","type-page","status-publish","hentry"],"acf":[],"publishpress_future_action":{"enabled":false,"date":"2026-05-06 20:47:29","action":"change-status","newStatus":"draft","terms":[],"taxonomy":"translation_priority"},"publishpress_future_workflow_manual_trigger":{"enabledWorkflows":[]},"_links":{"self":[{"href":"https:\/\/moissonlaurentides.org\/en\/wp-json\/wp\/v2\/pages\/12455","targetHints":{"allow":["GET"]}}],"collection":[{"href":"https:\/\/moissonlaurentides.org\/en\/wp-json\/wp\/v2\/pages"}],"about":[{"href":"https:\/\/moissonlaurentides.org\/en\/wp-json\/wp\/v2\/types\/page"}],"author":[{"embeddable":true,"href":"https:\/\/moissonlaurentides.org\/en\/wp-json\/wp\/v2\/users\/1"}],"replies":[{"embeddable":true,"href":"https:\/\/moissonlaurentides.org\/en\/wp-json\/wp\/v2\/comments?post=12455"}],"version-history":[{"count":9,"href":"https:\/\/moissonlaurentides.org\/en\/wp-json\/wp\/v2\/pages\/12455\/revisions"}],"predecessor-version":[{"id":23286,"href":"https:\/\/moissonlaurentides.org\/en\/wp-json\/wp\/v2\/pages\/12455\/revisions\/23286"}],"wp:attachment":[{"href":"https:\/\/moissonlaurentides.org\/en\/wp-json\/wp\/v2\/media?parent=12455"}],"curies":[{"name":"wp","href":"https:\/\/api.w.org\/{rel}","templated":true}]}}